{"id":2150,"date":"2025-02-11T15:55:32","date_gmt":"2025-02-11T15:55:32","guid":{"rendered":"https:\/\/woufbouf.com\/?post_type=product&#038;p=2150"},"modified":"2025-02-11T16:12:59","modified_gmt":"2025-02-11T16:12:59","slug":"bandana-4-5","status":"publish","type":"product","link":"https:\/\/woufbouf.com\/fr\/product\/bandana-4-5\/","title":{"rendered":"Bandana 6"},"content":{"rendered":"","protected":false},"excerpt":{"rendered":"<p>Nos bandanas faits \u00e0 la main et faciles \u00e0 attacher rehaussent le style de votre chien. Parfait pour les anniversaires, les f\u00eates, les c\u00e9l\u00e9brations ou tous les jours.<\/p>\n<ul>\n<li>100% coton pr\u00e9lav\u00e9<\/li>\n<li>Fait \u00e0 la main<\/li>\n<li>Fabriqu\u00e9 au Canada<\/li>\n<\/ul>\n","protected":false},"featured_media":2104,"template":"","meta":{"site-sidebar-layout":"default","site-content-layout":"","ast-site-content-layout":"default","site-content-style":"default","site-sidebar-style":"default","ast-global-header-display":"","ast-banner-title-visibility":"","ast-main-header-display":"","ast-hfb-above-header-display":"","ast-hfb-below-header-display":"","ast-hfb-mobile-header-display":"","site-post-title":"","ast-breadcrumbs-content":"","ast-featured-img":"","footer-sml-layout":"","theme-transparent-header-meta":"default","adv-header-id-meta":"","stick-header-meta":"default","header-above-stick-meta":"","header-main-stick-meta":"","header-below-stick-meta":"","astra-migrate-meta-layouts":"set","ast-page-background-enabled":"default","ast-page-background-meta":{"desktop":{"background-color":"var(--ast-global-color-4)","background-image":"","background-repeat":"repeat","background-position":"center center","background-size":"auto","background-attachment":"scroll","background-type":"","background-media":"","overlay-type":"","overlay-color":"","overlay-opacity":"","overlay-gradient":""},"tablet":{"background-color":"","background-image":"","background-repeat":"repeat","background-position":"center center","background-size":"auto","background-attachment":"scroll","background-type":"","background-media":"","overlay-type":"","overlay-color":"","overlay-opacity":"","overlay-gradient":""},"mobile":{"background-color":"","background-image":"","background-repeat":"repeat","background-position":"center center","background-size":"auto","background-attachment":"scroll","background-type":"","background-media":"","overlay-type":"","overlay-color":"","overlay-opacity":"","overlay-gradient":""}},"ast-content-background-meta":{"desktop":{"background-color":"var(--ast-global-color-5)","background-image":"","background-repeat":"repeat","background-position":"center center","background-size":"auto","background-attachment":"scroll","background-type":"","background-media":"","overlay-type":"","overlay-color":"","overlay-opacity":"","overlay-gradient":""},"tablet":{"background-color":"var(--ast-global-color-5)","background-image":"","background-repeat":"repeat","background-position":"center center","background-size":"auto","background-attachment":"scroll","background-type":"","background-media":"","overlay-type":"","overlay-color":"","overlay-opacity":"","overlay-gradient":""},"mobile":{"background-color":"var(--ast-global-color-5)","background-image":"","background-repeat":"repeat","background-position":"center center","background-size":"auto","background-attachment":"scroll","background-type":"","background-media":"","overlay-type":"","overlay-color":"","overlay-opacity":"","overlay-gradient":""}}},"product_brand":[],"product_cat":[41],"product_tag":[],"class_list":{"0":"post-2150","1":"product","2":"type-product","3":"status-publish","4":"has-post-thumbnail","6":"product_cat-bandanas-fr","7":"desktop-align-left","8":"tablet-align-left","9":"mobile-align-left","10":"ast-product-gallery-layout-horizontal","11":"ast-product-gallery-with-no-image","12":"ast-product-single-variable","13":"ast-product-tabs-layout-accordion","15":"first","16":"instock","17":"shipping-taxable","18":"purchasable","19":"product-type-variable"},"yoast_head":"<!-- This site is optimized with the Yoast SEO plugin v25.5 - https:\/\/yoast.com\/wordpress\/plugins\/seo\/ -->\n<title>Bandana 6 - Wouf Bouf<\/title>\n<meta name=\"robots\" content=\"index, follow, max-snippet:-1, max-image-preview:large, max-video-preview:-1\" \/>\n<link rel=\"canonical\" href=\"https:\/\/woufbouf.com\/product\/bandana-6\/\" \/>\n<meta property=\"og:locale\" content=\"fr_FR\" \/>\n<meta property=\"og:type\" content=\"article\" \/>\n<meta property=\"og:title\" content=\"Bandana 6 - Wouf Bouf\" \/>\n<meta property=\"og:description\" content=\"Nos bandanas faits \u00e0 la main et faciles \u00e0 attacher rehaussent le style de votre chien. Parfait pour les anniversaires, les f\u00eates, les c\u00e9l\u00e9brations ou tous les jours.   100% coton pr\u00e9lav\u00e9  Fait \u00e0 la main  Fabriqu\u00e9 au Canada\" \/>\n<meta property=\"og:url\" content=\"https:\/\/woufbouf.com\/product\/bandana-6\/\" \/>\n<meta property=\"og:site_name\" content=\"Wouf Bouf\" \/>\n<meta property=\"article:modified_time\" content=\"2025-02-11T16:12:59+00:00\" \/>\n<meta property=\"og:image\" content=\"https:\/\/woufbouf.com\/wp-content\/uploads\/2025\/02\/PXL_20250205_155643884-copy.webp\" \/>\n\t<meta property=\"og:image:width\" content=\"1440\" \/>\n\t<meta property=\"og:image:height\" content=\"1920\" \/>\n\t<meta property=\"og:image:type\" content=\"image\/webp\" \/>\n<meta name=\"twitter:card\" content=\"summary_large_image\" \/>\n<script type=\"application\/ld+json\" class=\"yoast-schema-graph\">{\"@context\":\"https:\/\/schema.org\",\"@graph\":[{\"@type\":\"WebPage\",\"@id\":\"https:\/\/woufbouf.com\/product\/bandana-6\/\",\"url\":\"https:\/\/woufbouf.com\/product\/bandana-6\/\",\"name\":\"Bandana 6 - Wouf Bouf\",\"isPartOf\":{\"@id\":\"https:\/\/woufbouf.com\/#website\"},\"primaryImageOfPage\":{\"@id\":\"https:\/\/woufbouf.com\/product\/bandana-6\/#primaryimage\"},\"image\":{\"@id\":\"https:\/\/woufbouf.com\/product\/bandana-6\/#primaryimage\"},\"thumbnailUrl\":\"https:\/\/woufbouf.com\/wp-content\/uploads\/2025\/02\/PXL_20250205_155643884-copy.webp\",\"datePublished\":\"2025-02-11T15:55:32+00:00\",\"dateModified\":\"2025-02-11T16:12:59+00:00\",\"breadcrumb\":{\"@id\":\"https:\/\/woufbouf.com\/product\/bandana-6\/#breadcrumb\"},\"inLanguage\":\"fr-FR\",\"potentialAction\":[{\"@type\":\"ReadAction\",\"target\":[\"https:\/\/woufbouf.com\/product\/bandana-6\/\"]}]},{\"@type\":\"ImageObject\",\"inLanguage\":\"fr-FR\",\"@id\":\"https:\/\/woufbouf.com\/product\/bandana-6\/#primaryimage\",\"url\":\"https:\/\/woufbouf.com\/wp-content\/uploads\/2025\/02\/PXL_20250205_155643884-copy.webp\",\"contentUrl\":\"https:\/\/woufbouf.com\/wp-content\/uploads\/2025\/02\/PXL_20250205_155643884-copy.webp\",\"width\":1440,\"height\":1920},{\"@type\":\"BreadcrumbList\",\"@id\":\"https:\/\/woufbouf.com\/product\/bandana-6\/#breadcrumb\",\"itemListElement\":[{\"@type\":\"ListItem\",\"position\":1,\"name\":\"Home\",\"item\":\"https:\/\/woufbouf.com\/fr\/\"},{\"@type\":\"ListItem\",\"position\":2,\"name\":\"Boutique\",\"item\":\"https:\/\/woufbouf.com\/fr\/boutique\/\"},{\"@type\":\"ListItem\",\"position\":3,\"name\":\"Bandana 6\"}]},{\"@type\":\"WebSite\",\"@id\":\"https:\/\/woufbouf.com\/#website\",\"url\":\"https:\/\/woufbouf.com\/\",\"name\":\"Wouf Bouf\",\"description\":\"\",\"publisher\":{\"@id\":\"https:\/\/woufbouf.com\/#organization\"},\"potentialAction\":[{\"@type\":\"SearchAction\",\"target\":{\"@type\":\"EntryPoint\",\"urlTemplate\":\"https:\/\/woufbouf.com\/?s={search_term_string}\"},\"query-input\":{\"@type\":\"PropertyValueSpecification\",\"valueRequired\":true,\"valueName\":\"search_term_string\"}}],\"inLanguage\":\"fr-FR\"},{\"@type\":\"Organization\",\"@id\":\"https:\/\/woufbouf.com\/#organization\",\"name\":\"Wouf Bouf\",\"url\":\"https:\/\/woufbouf.com\/\",\"logo\":{\"@type\":\"ImageObject\",\"inLanguage\":\"fr-FR\",\"@id\":\"https:\/\/woufbouf.com\/#\/schema\/logo\/image\/\",\"url\":\"https:\/\/woufbouf.com\/wp-content\/uploads\/2024\/09\/wouf_bouf_updated_2023OL-01-copy.webp\",\"contentUrl\":\"https:\/\/woufbouf.com\/wp-content\/uploads\/2024\/09\/wouf_bouf_updated_2023OL-01-copy.webp\",\"width\":1456,\"height\":1920,\"caption\":\"Wouf Bouf\"},\"image\":{\"@id\":\"https:\/\/woufbouf.com\/#\/schema\/logo\/image\/\"}}]}<\/script>\n<!-- \/ Yoast SEO plugin. -->","yoast_head_json":{"title":"Bandana 6 - Wouf Bouf","robots":{"index":"index","follow":"follow","max-snippet":"max-snippet:-1","max-image-preview":"max-image-preview:large","max-video-preview":"max-video-preview:-1"},"canonical":"https:\/\/woufbouf.com\/product\/bandana-6\/","og_locale":"fr_FR","og_type":"article","og_title":"Bandana 6 - Wouf Bouf","og_description":"Nos bandanas faits \u00e0 la main et faciles \u00e0 attacher rehaussent le style de votre chien. Parfait pour les anniversaires, les f\u00eates, les c\u00e9l\u00e9brations ou tous les jours.   100% coton pr\u00e9lav\u00e9  Fait \u00e0 la main  Fabriqu\u00e9 au Canada","og_url":"https:\/\/woufbouf.com\/product\/bandana-6\/","og_site_name":"Wouf Bouf","article_modified_time":"2025-02-11T16:12:59+00:00","og_image":[{"width":1440,"height":1920,"url":"https:\/\/woufbouf.com\/wp-content\/uploads\/2025\/02\/PXL_20250205_155643884-copy.webp","type":"image\/webp"}],"twitter_card":"summary_large_image","schema":{"@context":"https:\/\/schema.org","@graph":[{"@type":"WebPage","@id":"https:\/\/woufbouf.com\/product\/bandana-6\/","url":"https:\/\/woufbouf.com\/product\/bandana-6\/","name":"Bandana 6 - Wouf Bouf","isPartOf":{"@id":"https:\/\/woufbouf.com\/#website"},"primaryImageOfPage":{"@id":"https:\/\/woufbouf.com\/product\/bandana-6\/#primaryimage"},"image":{"@id":"https:\/\/woufbouf.com\/product\/bandana-6\/#primaryimage"},"thumbnailUrl":"https:\/\/woufbouf.com\/wp-content\/uploads\/2025\/02\/PXL_20250205_155643884-copy.webp","datePublished":"2025-02-11T15:55:32+00:00","dateModified":"2025-02-11T16:12:59+00:00","breadcrumb":{"@id":"https:\/\/woufbouf.com\/product\/bandana-6\/#breadcrumb"},"inLanguage":"fr-FR","potentialAction":[{"@type":"ReadAction","target":["https:\/\/woufbouf.com\/product\/bandana-6\/"]}]},{"@type":"ImageObject","inLanguage":"fr-FR","@id":"https:\/\/woufbouf.com\/product\/bandana-6\/#primaryimage","url":"https:\/\/woufbouf.com\/wp-content\/uploads\/2025\/02\/PXL_20250205_155643884-copy.webp","contentUrl":"https:\/\/woufbouf.com\/wp-content\/uploads\/2025\/02\/PXL_20250205_155643884-copy.webp","width":1440,"height":1920},{"@type":"BreadcrumbList","@id":"https:\/\/woufbouf.com\/product\/bandana-6\/#breadcrumb","itemListElement":[{"@type":"ListItem","position":1,"name":"Home","item":"https:\/\/woufbouf.com\/fr\/"},{"@type":"ListItem","position":2,"name":"Boutique","item":"https:\/\/woufbouf.com\/fr\/boutique\/"},{"@type":"ListItem","position":3,"name":"Bandana 6"}]},{"@type":"WebSite","@id":"https:\/\/woufbouf.com\/#website","url":"https:\/\/woufbouf.com\/","name":"Wouf Bouf","description":"","publisher":{"@id":"https:\/\/woufbouf.com\/#organization"},"potentialAction":[{"@type":"SearchAction","target":{"@type":"EntryPoint","urlTemplate":"https:\/\/woufbouf.com\/?s={search_term_string}"},"query-input":{"@type":"PropertyValueSpecification","valueRequired":true,"valueName":"search_term_string"}}],"inLanguage":"fr-FR"},{"@type":"Organization","@id":"https:\/\/woufbouf.com\/#organization","name":"Wouf Bouf","url":"https:\/\/woufbouf.com\/","logo":{"@type":"ImageObject","inLanguage":"fr-FR","@id":"https:\/\/woufbouf.com\/#\/schema\/logo\/image\/","url":"https:\/\/woufbouf.com\/wp-content\/uploads\/2024\/09\/wouf_bouf_updated_2023OL-01-copy.webp","contentUrl":"https:\/\/woufbouf.com\/wp-content\/uploads\/2024\/09\/wouf_bouf_updated_2023OL-01-copy.webp","width":1456,"height":1920,"caption":"Wouf Bouf"},"image":{"@id":"https:\/\/woufbouf.com\/#\/schema\/logo\/image\/"}}]}},"_links":{"self":[{"href":"https:\/\/woufbouf.com\/fr\/wp-json\/wp\/v2\/product\/2150","targetHints":{"allow":["GET"]}}],"collection":[{"href":"https:\/\/woufbouf.com\/fr\/wp-json\/wp\/v2\/product"}],"about":[{"href":"https:\/\/woufbouf.com\/fr\/wp-json\/wp\/v2\/types\/product"}],"version-history":[{"count":0,"href":"https:\/\/woufbouf.com\/fr\/wp-json\/wp\/v2\/product\/2150\/revisions"}],"wp:featuredmedia":[{"embeddable":true,"href":"https:\/\/woufbouf.com\/fr\/wp-json\/wp\/v2\/media\/2104"}],"wp:attachment":[{"href":"https:\/\/woufbouf.com\/fr\/wp-json\/wp\/v2\/media?parent=2150"}],"wp:term":[{"taxonomy":"product_brand","embeddable":true,"href":"https:\/\/woufbouf.com\/fr\/wp-json\/wp\/v2\/product_brand?post=2150"},{"taxonomy":"product_cat","embeddable":true,"href":"https:\/\/woufbouf.com\/fr\/wp-json\/wp\/v2\/product_cat?post=2150"},{"taxonomy":"product_tag","embeddable":true,"href":"https:\/\/woufbouf.com\/fr\/wp-json\/wp\/v2\/product_tag?post=2150"}],"curies":[{"name":"wp","href":"https:\/\/api.w.org\/{rel}","templated":true}]}}