{"id":2358,"date":"2025-02-11T16:03:04","date_gmt":"2025-02-11T16:03:04","guid":{"rendered":"https:\/\/woufbouf.com\/?post_type=product&#038;p=2358"},"modified":"2025-02-11T16:14:26","modified_gmt":"2025-02-11T16:14:26","slug":"fleur-de-collier-6-copy-copy-copy-copy-copy-copy","status":"publish","type":"product","link":"https:\/\/woufbouf.com\/fr\/product\/fleur-de-collier-6-copy-copy-copy-copy-copy-copy\/","title":{"rendered":"Fleur de collier 11"},"content":{"rendered":"","protected":false},"excerpt":{"rendered":"<p>Nos colliers de fleurs faits \u00e0 la main se glissent facilement sur le collier de votre chien pour une touche de mode suppl\u00e9mentaire. Parfait pour les anniversaires, les f\u00eates, les c\u00e9l\u00e9brations ou tous les jours.<\/p>\n<ul>\n<li>Taille unique<\/li>\n<li>100% coton pr\u00e9lav\u00e9<\/li>\n<li>Fait \u00e0 la main<\/li>\n<li>Fabriqu\u00e9 au Canada<\/li>\n<\/ul>\n<p>&nbsp;<\/p>\n","protected":false},"featured_media":2124,"template":"","meta":{"site-sidebar-layout":"default","site-content-layout":"","ast-site-content-layout":"default","site-content-style":"default","site-sidebar-style":"default","ast-global-header-display":"","ast-banner-title-visibility":"","ast-main-header-display":"","ast-hfb-above-header-display":"","ast-hfb-below-header-display":"","ast-hfb-mobile-header-display":"","site-post-title":"","ast-breadcrumbs-content":"","ast-featured-img":"","footer-sml-layout":"","theme-transparent-header-meta":"default","adv-header-id-meta":"","stick-header-meta":"default","header-above-stick-meta":"","header-main-stick-meta":"","header-below-stick-meta":"","astra-migrate-meta-layouts":"set","ast-page-background-enabled":"default","ast-page-background-meta":{"desktop":{"background-color":"var(--ast-global-color-4)","background-image":"","background-repeat":"repeat","background-position":"center center","background-size":"auto","background-attachment":"scroll","background-type":"","background-media":"","overlay-type":"","overlay-color":"","overlay-opacity":"","overlay-gradient":""},"tablet":{"background-color":"","background-image":"","background-repeat":"repeat","background-position":"center center","background-size":"auto","background-attachment":"scroll","background-type":"","background-media":"","overlay-type":"","overlay-color":"","overlay-opacity":"","overlay-gradient":""},"mobile":{"background-color":"","background-image":"","background-repeat":"repeat","background-position":"center center","background-size":"auto","background-attachment":"scroll","background-type":"","background-media":"","overlay-type":"","overlay-color":"","overlay-opacity":"","overlay-gradient":""}},"ast-content-background-meta":{"desktop":{"background-color":"var(--ast-global-color-5)","background-image":"","background-repeat":"repeat","background-position":"center center","background-size":"auto","background-attachment":"scroll","background-type":"","background-media":"","overlay-type":"","overlay-color":"","overlay-opacity":"","overlay-gradient":""},"tablet":{"background-color":"var(--ast-global-color-5)","background-image":"","background-repeat":"repeat","background-position":"center center","background-size":"auto","background-attachment":"scroll","background-type":"","background-media":"","overlay-type":"","overlay-color":"","overlay-opacity":"","overlay-gradient":""},"mobile":{"background-color":"var(--ast-global-color-5)","background-image":"","background-repeat":"repeat","background-position":"center center","background-size":"auto","background-attachment":"scroll","background-type":"","background-media":"","overlay-type":"","overlay-color":"","overlay-opacity":"","overlay-gradient":""}}},"product_brand":[],"product_cat":[39],"product_tag":[],"class_list":{"0":"post-2358","1":"product","2":"type-product","3":"status-publish","4":"has-post-thumbnail","6":"product_cat-colliers","7":"desktop-align-left","8":"tablet-align-left","9":"mobile-align-left","10":"ast-product-gallery-layout-horizontal","11":"ast-product-gallery-with-no-image","12":"ast-product-tabs-layout-accordion","14":"first","15":"instock","16":"shipping-taxable","17":"purchasable","18":"product-type-simple"},"yoast_head":"<!-- This site is optimized with the Yoast SEO plugin v25.5 - https:\/\/yoast.com\/wordpress\/plugins\/seo\/ -->\n<title>Fleur de collier 11 - Wouf Bouf<\/title>\n<meta name=\"robots\" content=\"index, follow, max-snippet:-1, max-image-preview:large, max-video-preview:-1\" \/>\n<link rel=\"canonical\" href=\"https:\/\/woufbouf.com\/product\/collar-flower-12\/\" \/>\n<meta property=\"og:locale\" content=\"fr_FR\" \/>\n<meta property=\"og:type\" content=\"article\" \/>\n<meta property=\"og:title\" content=\"Fleur de collier 11 - Wouf Bouf\" \/>\n<meta property=\"og:description\" content=\"Nos colliers de fleurs faits \u00e0 la main se glissent facilement sur le collier de votre chien pour une touche de mode suppl\u00e9mentaire. Parfait pour les anniversaires, les f\u00eates, les c\u00e9l\u00e9brations ou tous les jours.   Taille unique  100% coton pr\u00e9lav\u00e9  Fait \u00e0 la main  Fabriqu\u00e9 au Canada  &nbsp;\" \/>\n<meta property=\"og:url\" content=\"https:\/\/woufbouf.com\/product\/collar-flower-12\/\" \/>\n<meta property=\"og:site_name\" content=\"Wouf Bouf\" \/>\n<meta property=\"article:modified_time\" content=\"2025-02-11T16:14:26+00:00\" \/>\n<meta property=\"og:image\" content=\"https:\/\/woufbouf.com\/wp-content\/uploads\/2025\/02\/PXL_20250205_160051701-copy.webp\" \/>\n\t<meta property=\"og:image:width\" content=\"1440\" \/>\n\t<meta property=\"og:image:height\" content=\"1920\" \/>\n\t<meta property=\"og:image:type\" content=\"image\/webp\" \/>\n<meta name=\"twitter:card\" content=\"summary_large_image\" \/>\n<script type=\"application\/ld+json\" class=\"yoast-schema-graph\">{\"@context\":\"https:\/\/schema.org\",\"@graph\":[{\"@type\":\"WebPage\",\"@id\":\"https:\/\/woufbouf.com\/product\/collar-flower-12\/\",\"url\":\"https:\/\/woufbouf.com\/product\/collar-flower-12\/\",\"name\":\"Fleur de collier 11 - Wouf Bouf\",\"isPartOf\":{\"@id\":\"https:\/\/woufbouf.com\/#website\"},\"primaryImageOfPage\":{\"@id\":\"https:\/\/woufbouf.com\/product\/collar-flower-12\/#primaryimage\"},\"image\":{\"@id\":\"https:\/\/woufbouf.com\/product\/collar-flower-12\/#primaryimage\"},\"thumbnailUrl\":\"https:\/\/woufbouf.com\/wp-content\/uploads\/2025\/02\/PXL_20250205_160051701-copy.webp\",\"datePublished\":\"2025-02-11T16:03:04+00:00\",\"dateModified\":\"2025-02-11T16:14:26+00:00\",\"breadcrumb\":{\"@id\":\"https:\/\/woufbouf.com\/product\/collar-flower-12\/#breadcrumb\"},\"inLanguage\":\"fr-FR\",\"potentialAction\":[{\"@type\":\"ReadAction\",\"target\":[\"https:\/\/woufbouf.com\/product\/collar-flower-12\/\"]}]},{\"@type\":\"ImageObject\",\"inLanguage\":\"fr-FR\",\"@id\":\"https:\/\/woufbouf.com\/product\/collar-flower-12\/#primaryimage\",\"url\":\"https:\/\/woufbouf.com\/wp-content\/uploads\/2025\/02\/PXL_20250205_160051701-copy.webp\",\"contentUrl\":\"https:\/\/woufbouf.com\/wp-content\/uploads\/2025\/02\/PXL_20250205_160051701-copy.webp\",\"width\":1440,\"height\":1920},{\"@type\":\"BreadcrumbList\",\"@id\":\"https:\/\/woufbouf.com\/product\/collar-flower-12\/#breadcrumb\",\"itemListElement\":[{\"@type\":\"ListItem\",\"position\":1,\"name\":\"Home\",\"item\":\"https:\/\/woufbouf.com\/fr\/\"},{\"@type\":\"ListItem\",\"position\":2,\"name\":\"Boutique\",\"item\":\"https:\/\/woufbouf.com\/fr\/boutique\/\"},{\"@type\":\"ListItem\",\"position\":3,\"name\":\"Fleur de collier 11\"}]},{\"@type\":\"WebSite\",\"@id\":\"https:\/\/woufbouf.com\/#website\",\"url\":\"https:\/\/woufbouf.com\/\",\"name\":\"Wouf Bouf\",\"description\":\"\",\"publisher\":{\"@id\":\"https:\/\/woufbouf.com\/#organization\"},\"potentialAction\":[{\"@type\":\"SearchAction\",\"target\":{\"@type\":\"EntryPoint\",\"urlTemplate\":\"https:\/\/woufbouf.com\/?s={search_term_string}\"},\"query-input\":{\"@type\":\"PropertyValueSpecification\",\"valueRequired\":true,\"valueName\":\"search_term_string\"}}],\"inLanguage\":\"fr-FR\"},{\"@type\":\"Organization\",\"@id\":\"https:\/\/woufbouf.com\/#organization\",\"name\":\"Wouf Bouf\",\"url\":\"https:\/\/woufbouf.com\/\",\"logo\":{\"@type\":\"ImageObject\",\"inLanguage\":\"fr-FR\",\"@id\":\"https:\/\/woufbouf.com\/#\/schema\/logo\/image\/\",\"url\":\"https:\/\/woufbouf.com\/wp-content\/uploads\/2024\/09\/wouf_bouf_updated_2023OL-01-copy.webp\",\"contentUrl\":\"https:\/\/woufbouf.com\/wp-content\/uploads\/2024\/09\/wouf_bouf_updated_2023OL-01-copy.webp\",\"width\":1456,\"height\":1920,\"caption\":\"Wouf Bouf\"},\"image\":{\"@id\":\"https:\/\/woufbouf.com\/#\/schema\/logo\/image\/\"}}]}<\/script>\n<!-- \/ Yoast SEO plugin. -->","yoast_head_json":{"title":"Fleur de collier 11 - Wouf Bouf","robots":{"index":"index","follow":"follow","max-snippet":"max-snippet:-1","max-image-preview":"max-image-preview:large","max-video-preview":"max-video-preview:-1"},"canonical":"https:\/\/woufbouf.com\/product\/collar-flower-12\/","og_locale":"fr_FR","og_type":"article","og_title":"Fleur de collier 11 - Wouf Bouf","og_description":"Nos colliers de fleurs faits \u00e0 la main se glissent facilement sur le collier de votre chien pour une touche de mode suppl\u00e9mentaire. Parfait pour les anniversaires, les f\u00eates, les c\u00e9l\u00e9brations ou tous les jours.   Taille unique  100% coton pr\u00e9lav\u00e9  Fait \u00e0 la main  Fabriqu\u00e9 au Canada  &nbsp;","og_url":"https:\/\/woufbouf.com\/product\/collar-flower-12\/","og_site_name":"Wouf Bouf","article_modified_time":"2025-02-11T16:14:26+00:00","og_image":[{"width":1440,"height":1920,"url":"https:\/\/woufbouf.com\/wp-content\/uploads\/2025\/02\/PXL_20250205_160051701-copy.webp","type":"image\/webp"}],"twitter_card":"summary_large_image","schema":{"@context":"https:\/\/schema.org","@graph":[{"@type":"WebPage","@id":"https:\/\/woufbouf.com\/product\/collar-flower-12\/","url":"https:\/\/woufbouf.com\/product\/collar-flower-12\/","name":"Fleur de collier 11 - Wouf Bouf","isPartOf":{"@id":"https:\/\/woufbouf.com\/#website"},"primaryImageOfPage":{"@id":"https:\/\/woufbouf.com\/product\/collar-flower-12\/#primaryimage"},"image":{"@id":"https:\/\/woufbouf.com\/product\/collar-flower-12\/#primaryimage"},"thumbnailUrl":"https:\/\/woufbouf.com\/wp-content\/uploads\/2025\/02\/PXL_20250205_160051701-copy.webp","datePublished":"2025-02-11T16:03:04+00:00","dateModified":"2025-02-11T16:14:26+00:00","breadcrumb":{"@id":"https:\/\/woufbouf.com\/product\/collar-flower-12\/#breadcrumb"},"inLanguage":"fr-FR","potentialAction":[{"@type":"ReadAction","target":["https:\/\/woufbouf.com\/product\/collar-flower-12\/"]}]},{"@type":"ImageObject","inLanguage":"fr-FR","@id":"https:\/\/woufbouf.com\/product\/collar-flower-12\/#primaryimage","url":"https:\/\/woufbouf.com\/wp-content\/uploads\/2025\/02\/PXL_20250205_160051701-copy.webp","contentUrl":"https:\/\/woufbouf.com\/wp-content\/uploads\/2025\/02\/PXL_20250205_160051701-copy.webp","width":1440,"height":1920},{"@type":"BreadcrumbList","@id":"https:\/\/woufbouf.com\/product\/collar-flower-12\/#breadcrumb","itemListElement":[{"@type":"ListItem","position":1,"name":"Home","item":"https:\/\/woufbouf.com\/fr\/"},{"@type":"ListItem","position":2,"name":"Boutique","item":"https:\/\/woufbouf.com\/fr\/boutique\/"},{"@type":"ListItem","position":3,"name":"Fleur de collier 11"}]},{"@type":"WebSite","@id":"https:\/\/woufbouf.com\/#website","url":"https:\/\/woufbouf.com\/","name":"Wouf Bouf","description":"","publisher":{"@id":"https:\/\/woufbouf.com\/#organization"},"potentialAction":[{"@type":"SearchAction","target":{"@type":"EntryPoint","urlTemplate":"https:\/\/woufbouf.com\/?s={search_term_string}"},"query-input":{"@type":"PropertyValueSpecification","valueRequired":true,"valueName":"search_term_string"}}],"inLanguage":"fr-FR"},{"@type":"Organization","@id":"https:\/\/woufbouf.com\/#organization","name":"Wouf Bouf","url":"https:\/\/woufbouf.com\/","logo":{"@type":"ImageObject","inLanguage":"fr-FR","@id":"https:\/\/woufbouf.com\/#\/schema\/logo\/image\/","url":"https:\/\/woufbouf.com\/wp-content\/uploads\/2024\/09\/wouf_bouf_updated_2023OL-01-copy.webp","contentUrl":"https:\/\/woufbouf.com\/wp-content\/uploads\/2024\/09\/wouf_bouf_updated_2023OL-01-copy.webp","width":1456,"height":1920,"caption":"Wouf Bouf"},"image":{"@id":"https:\/\/woufbouf.com\/#\/schema\/logo\/image\/"}}]}},"_links":{"self":[{"href":"https:\/\/woufbouf.com\/fr\/wp-json\/wp\/v2\/product\/2358","targetHints":{"allow":["GET"]}}],"collection":[{"href":"https:\/\/woufbouf.com\/fr\/wp-json\/wp\/v2\/product"}],"about":[{"href":"https:\/\/woufbouf.com\/fr\/wp-json\/wp\/v2\/types\/product"}],"version-history":[{"count":0,"href":"https:\/\/woufbouf.com\/fr\/wp-json\/wp\/v2\/product\/2358\/revisions"}],"wp:featuredmedia":[{"embeddable":true,"href":"https:\/\/woufbouf.com\/fr\/wp-json\/wp\/v2\/media\/2124"}],"wp:attachment":[{"href":"https:\/\/woufbouf.com\/fr\/wp-json\/wp\/v2\/media?parent=2358"}],"wp:term":[{"taxonomy":"product_brand","embeddable":true,"href":"https:\/\/woufbouf.com\/fr\/wp-json\/wp\/v2\/product_brand?post=2358"},{"taxonomy":"product_cat","embeddable":true,"href":"https:\/\/woufbouf.com\/fr\/wp-json\/wp\/v2\/product_cat?post=2358"},{"taxonomy":"product_tag","embeddable":true,"href":"https:\/\/woufbouf.com\/fr\/wp-json\/wp\/v2\/product_tag?post=2358"}],"curies":[{"name":"wp","href":"https:\/\/api.w.org\/{rel}","templated":true}]}}